{"id":5224,"date":"2024-06-11T10:12:05","date_gmt":"2024-06-11T10:12:05","guid":{"rendered":"https:\/\/transcanillo.com\/transcanillo\/"},"modified":"2024-06-21T07:33:35","modified_gmt":"2024-06-21T07:33:35","slug":"transcanillo","status":"publish","type":"page","link":"https:\/\/transcanillo.com\/ca\/transcanillo\/","title":{"rendered":"Transcanillo"},"content":{"rendered":"<div class=\"wpb-content-wrapper\">[vc_section full_width=&#8221;stretch_row&#8221; css=&#8221;.vc_custom_1718101292626{padding-top: 80px !important;padding-bottom: 40px !important;background-color: #ffffff !important;}&#8221;][vc_row content_placement=&#8221;middle&#8221;][vc_column width=&#8221;1\/2&#8243;]<style>.vcex-heading.vcex_69f2ccb59e536{color:var(--wpex-accent-alt);font-size:32px;text-transform:uppercase;}<\/style><h1 class=\"vcex-heading vcex-heading-plain vcex-module wpex-heading wpex-text-2xl wpex-mb-25 wpex-text-left vcex_69f2ccb59e536\"><span class=\"vcex-heading-inner wpex-inline-block\">El seu soci Log\u00edstic al cor del Pirineu<\/span><\/h1>[vc_column_text color=&#8221;accent-alt&#8221; font_size=&#8221;18px&#8221; font_weight=&#8221;300&#8243;]L&#8217;empresa Transcanillo inicia la seva activitat al 1989, ara fa 35 anys. Estem ubicats estrat\u00e8gicament a La Seu d&#8217;Urgell, al cor del Pirineu, ens especialitzem en el transport per carretera, atenent les necessitats espec\u00edfiques del sector agr\u00edcola i de tot tipus de sectors. La nostra experi\u00e8ncia inclou rutes nacionals i internacionals, amb Espanya, Fran\u00e7a i Andorra com a zones d&#8217;operaci\u00f3 principals.<\/p>\n<p>Comptem amb una diversa flota de 8 tr\u00e0ilers moderns, equipats amb una varietat de remolcs -banyera, Tautliner, i pis m\u00f2bil- dissenyats per optimitzar qualsevol tipus de c\u00e0rrega i desc\u00e0rrega, ja sigui lateral, superior o basculant.<\/p>\n<p>A <strong>Transcanillo<\/strong> , combinem ubicaci\u00f3 privilegiada, vehicles d&#8217;avantguarda i un profund coneixement del transport per oferir solucions log\u00edstiques que realment marquen la difer\u00e8ncia.[\/vc_column_text][\/vc_column][vc_column width=&#8221;1\/2&#8243;]<figure class=\"vcex-image vcex-module\"><div class=\"vcex-image-inner wpex-relative wpex-inline-block wpex-image-hover opacity\"><img width=\"1000\" height=\"1300\" src=\"https:\/\/transcanillo.com\/wp-content\/uploads\/2024\/06\/img-about-1.jpg\" class=\"vcex-image-img wpex-align-middle\" alt=\"Transcanillo empresa transporte\" loading=\"lazy\" decoding=\"async\" srcset=\"https:\/\/transcanillo.com\/wp-content\/uploads\/2024\/06\/img-about-1.jpg 1000w, https:\/\/transcanillo.com\/wp-content\/uploads\/2024\/06\/img-about-1-231x300.jpg 231w, https:\/\/transcanillo.com\/wp-content\/uploads\/2024\/06\/img-about-1-788x1024.jpg 788w, https:\/\/transcanillo.com\/wp-content\/uploads\/2024\/06\/img-about-1-768x998.jpg 768w\" sizes=\"(max-width: 1000px) 100vw, 1000px\" \/><\/div><\/figure>[\/vc_column][\/vc_row][\/vc_section][vc_row remove_bottom_col_margin=&#8221;true&#8221;][vc_column]<div class=\"templatera_shortcode\"><style type=\"text\/css\" data-type=\"vc_shortcodes-custom-css\">.vc_custom_1717064830517{padding-top: 40px !important;padding-bottom: 40px !important;background-color: #7f7f7f !important;}.vc_custom_1718788748507{padding-bottom: 15px !important;}<\/style><div data-vc-full-width=\"true\" data-vc-full-width-init=\"false\" class=\"vc_row wpb_row vc_row-fluid vc_custom_1717064830517 vc_row-o-content-middle vc_row-flex wpex-vc_row-has-fill wpex-vc-row-stretched no-bottom-margins wpex-parallax-bg-wrap wpex-relative\"><div class=\"wpb_column vc_column_container vc_col-sm-9\"><div class=\"vc_column-inner\"><div class=\"wpb_wrapper\"><style>.vcex-heading.vcex_69f2ccb5a3da8{color:#ffffff;font-size:26px;font-weight:300;text-transform:uppercase;}<\/style><h2 class=\"vcex-heading vcex-heading-plain vcex-module wpex-heading wpex-text-2xl wpex-text-center vc_custom_1718788748507 vcex_69f2ccb5a3da8\"><span class=\"vcex-heading-inner wpex-inline-block\">\u00bfNecessites un pressupost personalitzat?<\/span><\/h2><\/div><\/div><\/div><div class=\"wpb_column vc_column_container vc_col-sm-3\"><div class=\"vc_column-inner\"><div class=\"wpb_wrapper\"><div class=\"theme-button-wrap textcenter wpex-clr\"><a href=\"\/ca\/contacto\/\" class=\"vcex-button theme-button minimal-border align-center inline\" style=\"color:#ffffff;font-size:16px;font-weight:400;\" data-wpex-hover='{&quot;background&quot;:&quot;#ffffff&quot;,&quot;color&quot;:&quot;#7f7f7f&quot;}' title=\"Purchase Total\"><span class=\"vcex-button-inner theme-button-inner\">Contactar<span class=\"vcex-button-icon vcex-icon-wrap theme-button-icon-right\"><span class=\"ticon ticon-angle-right\" aria-hidden=\"true\"><\/span><\/span><\/span><\/a><\/div> <\/div><\/div><\/div><\/div><div class=\"vc_row-full-width vc_clearfix\"><\/div><\/div>[\/vc_column][\/vc_row]\n<\/div>","protected":false},"excerpt":{"rendered":"El seu soci Log\u00edstic al cor del Pirineu L'empresa Transcanillo inicia la seva activitat al 1989, ara fa 35 anys. Estem ubicats estrat\u00e8gicament a La Seu d'Urgell, al cor del Pirineu, ens especialitzem en el transport per carretera, atenent les necessitats espec\u00edfiques del sector agr\u00edcola i de tot tipus de sectors. La nostra experi\u00e8ncia inclou&hellip;","protected":false},"author":1,"featured_media":5172,"parent":0,"menu_order":0,"comment_status":"closed","ping_status":"closed","template":"","meta":{"footnotes":""},"yoast_head":"<!-- This site is optimized with the Yoast SEO plugin v22.9 - https:\/\/yoast.com\/wordpress\/plugins\/seo\/ -->\n<title>Transcanillo - Transcanillo<\/title>\n<meta name=\"robots\" content=\"index, follow, max-snippet:-1, max-image-preview:large, max-video-preview:-1\" \/>\n<link rel=\"canonical\" href=\"https:\/\/transcanillo.com\/ca\/transcanillo\/\" \/>\n<meta property=\"og:locale\" content=\"ca_ES\" \/>\n<meta property=\"og:type\" content=\"article\" \/>\n<meta property=\"og:title\" content=\"Transcanillo - Transcanillo\" \/>\n<meta property=\"og:url\" content=\"https:\/\/transcanillo.com\/ca\/transcanillo\/\" \/>\n<meta property=\"og:site_name\" content=\"Transcanillo\" \/>\n<meta property=\"article:modified_time\" content=\"2024-06-21T07:33:35+00:00\" \/>\n<meta name=\"twitter:card\" content=\"summary_large_image\" \/>\n<meta name=\"twitter:label1\" content=\"Temps estimat de lectura\" \/>\n\t<meta name=\"twitter:data1\" content=\"1 minut\" \/>\n<script type=\"application\/ld+json\" class=\"yoast-schema-graph\">{\"@context\":\"https:\/\/schema.org\",\"@graph\":[{\"@type\":\"WebPage\",\"@id\":\"https:\/\/transcanillo.com\/ca\/transcanillo\/\",\"url\":\"https:\/\/transcanillo.com\/ca\/transcanillo\/\",\"name\":\"Transcanillo - Transcanillo\",\"isPartOf\":{\"@id\":\"https:\/\/transcanillo.com\/#website\"},\"primaryImageOfPage\":{\"@id\":\"https:\/\/transcanillo.com\/ca\/transcanillo\/#primaryimage\"},\"image\":{\"@id\":\"https:\/\/transcanillo.com\/ca\/transcanillo\/#primaryimage\"},\"thumbnailUrl\":\"https:\/\/transcanillo.com\/wp-content\/uploads\/2024\/05\/logo.png\",\"datePublished\":\"2024-06-11T10:12:05+00:00\",\"dateModified\":\"2024-06-21T07:33:35+00:00\",\"breadcrumb\":{\"@id\":\"https:\/\/transcanillo.com\/ca\/transcanillo\/#breadcrumb\"},\"inLanguage\":\"ca\",\"potentialAction\":[{\"@type\":\"ReadAction\",\"target\":[\"https:\/\/transcanillo.com\/ca\/transcanillo\/\"]}]},{\"@type\":\"ImageObject\",\"inLanguage\":\"ca\",\"@id\":\"https:\/\/transcanillo.com\/ca\/transcanillo\/#primaryimage\",\"url\":\"https:\/\/transcanillo.com\/wp-content\/uploads\/2024\/05\/logo.png\",\"contentUrl\":\"https:\/\/transcanillo.com\/wp-content\/uploads\/2024\/05\/logo.png\",\"width\":364,\"height\":350,\"caption\":\"Transcanillo\"},{\"@type\":\"BreadcrumbList\",\"@id\":\"https:\/\/transcanillo.com\/ca\/transcanillo\/#breadcrumb\",\"itemListElement\":[{\"@type\":\"ListItem\",\"position\":1,\"name\":\"Home\",\"item\":\"https:\/\/transcanillo.com\/ca\/\"},{\"@type\":\"ListItem\",\"position\":2,\"name\":\"Transcanillo\"}]},{\"@type\":\"WebSite\",\"@id\":\"https:\/\/transcanillo.com\/#website\",\"url\":\"https:\/\/transcanillo.com\/\",\"name\":\"Transcanillo\",\"description\":\"Transportes de mecanc\u00edas por carretera\",\"publisher\":{\"@id\":\"https:\/\/transcanillo.com\/#organization\"},\"potentialAction\":[{\"@type\":\"SearchAction\",\"target\":{\"@type\":\"EntryPoint\",\"urlTemplate\":\"https:\/\/transcanillo.com\/?s={search_term_string}\"},\"query-input\":\"required name=search_term_string\"}],\"inLanguage\":\"ca\"},{\"@type\":\"Organization\",\"@id\":\"https:\/\/transcanillo.com\/#organization\",\"name\":\"Transcanillo\",\"url\":\"https:\/\/transcanillo.com\/\",\"logo\":{\"@type\":\"ImageObject\",\"inLanguage\":\"ca\",\"@id\":\"https:\/\/transcanillo.com\/#\/schema\/logo\/image\/\",\"url\":\"https:\/\/transcanillo.com\/wp-content\/uploads\/2024\/05\/logo-1.png\",\"contentUrl\":\"https:\/\/transcanillo.com\/wp-content\/uploads\/2024\/05\/logo-1.png\",\"width\":600,\"height\":600,\"caption\":\"Transcanillo\"},\"image\":{\"@id\":\"https:\/\/transcanillo.com\/#\/schema\/logo\/image\/\"}}]}<\/script>\n<!-- \/ Yoast SEO plugin. -->","yoast_head_json":{"title":"Transcanillo - Transcanillo","robots":{"index":"index","follow":"follow","max-snippet":"max-snippet:-1","max-image-preview":"max-image-preview:large","max-video-preview":"max-video-preview:-1"},"canonical":"https:\/\/transcanillo.com\/ca\/transcanillo\/","og_locale":"ca_ES","og_type":"article","og_title":"Transcanillo - Transcanillo","og_url":"https:\/\/transcanillo.com\/ca\/transcanillo\/","og_site_name":"Transcanillo","article_modified_time":"2024-06-21T07:33:35+00:00","twitter_card":"summary_large_image","twitter_misc":{"Temps estimat de lectura":"1 minut"},"schema":{"@context":"https:\/\/schema.org","@graph":[{"@type":"WebPage","@id":"https:\/\/transcanillo.com\/ca\/transcanillo\/","url":"https:\/\/transcanillo.com\/ca\/transcanillo\/","name":"Transcanillo - Transcanillo","isPartOf":{"@id":"https:\/\/transcanillo.com\/#website"},"primaryImageOfPage":{"@id":"https:\/\/transcanillo.com\/ca\/transcanillo\/#primaryimage"},"image":{"@id":"https:\/\/transcanillo.com\/ca\/transcanillo\/#primaryimage"},"thumbnailUrl":"https:\/\/transcanillo.com\/wp-content\/uploads\/2024\/05\/logo.png","datePublished":"2024-06-11T10:12:05+00:00","dateModified":"2024-06-21T07:33:35+00:00","breadcrumb":{"@id":"https:\/\/transcanillo.com\/ca\/transcanillo\/#breadcrumb"},"inLanguage":"ca","potentialAction":[{"@type":"ReadAction","target":["https:\/\/transcanillo.com\/ca\/transcanillo\/"]}]},{"@type":"ImageObject","inLanguage":"ca","@id":"https:\/\/transcanillo.com\/ca\/transcanillo\/#primaryimage","url":"https:\/\/transcanillo.com\/wp-content\/uploads\/2024\/05\/logo.png","contentUrl":"https:\/\/transcanillo.com\/wp-content\/uploads\/2024\/05\/logo.png","width":364,"height":350,"caption":"Transcanillo"},{"@type":"BreadcrumbList","@id":"https:\/\/transcanillo.com\/ca\/transcanillo\/#breadcrumb","itemListElement":[{"@type":"ListItem","position":1,"name":"Home","item":"https:\/\/transcanillo.com\/ca\/"},{"@type":"ListItem","position":2,"name":"Transcanillo"}]},{"@type":"WebSite","@id":"https:\/\/transcanillo.com\/#website","url":"https:\/\/transcanillo.com\/","name":"Transcanillo","description":"Transportes de mecanc\u00edas por carretera","publisher":{"@id":"https:\/\/transcanillo.com\/#organization"},"potentialAction":[{"@type":"SearchAction","target":{"@type":"EntryPoint","urlTemplate":"https:\/\/transcanillo.com\/?s={search_term_string}"},"query-input":"required name=search_term_string"}],"inLanguage":"ca"},{"@type":"Organization","@id":"https:\/\/transcanillo.com\/#organization","name":"Transcanillo","url":"https:\/\/transcanillo.com\/","logo":{"@type":"ImageObject","inLanguage":"ca","@id":"https:\/\/transcanillo.com\/#\/schema\/logo\/image\/","url":"https:\/\/transcanillo.com\/wp-content\/uploads\/2024\/05\/logo-1.png","contentUrl":"https:\/\/transcanillo.com\/wp-content\/uploads\/2024\/05\/logo-1.png","width":600,"height":600,"caption":"Transcanillo"},"image":{"@id":"https:\/\/transcanillo.com\/#\/schema\/logo\/image\/"}}]}},"_links":{"self":[{"href":"https:\/\/transcanillo.com\/ca\/wp-json\/wp\/v2\/pages\/5224"}],"collection":[{"href":"https:\/\/transcanillo.com\/ca\/wp-json\/wp\/v2\/pages"}],"about":[{"href":"https:\/\/transcanillo.com\/ca\/wp-json\/wp\/v2\/types\/page"}],"author":[{"embeddable":true,"href":"https:\/\/transcanillo.com\/ca\/wp-json\/wp\/v2\/users\/1"}],"replies":[{"embeddable":true,"href":"https:\/\/transcanillo.com\/ca\/wp-json\/wp\/v2\/comments?post=5224"}],"version-history":[{"count":4,"href":"https:\/\/transcanillo.com\/ca\/wp-json\/wp\/v2\/pages\/5224\/revisions"}],"predecessor-version":[{"id":5248,"href":"https:\/\/transcanillo.com\/ca\/wp-json\/wp\/v2\/pages\/5224\/revisions\/5248"}],"wp:featuredmedia":[{"embeddable":true,"href":"https:\/\/transcanillo.com\/ca\/wp-json\/wp\/v2\/media\/5172"}],"wp:attachment":[{"href":"https:\/\/transcanillo.com\/ca\/wp-json\/wp\/v2\/media?parent=5224"}],"curies":[{"name":"wp","href":"https:\/\/api.w.org\/{rel}","templated":true}]}}