{"id":5235,"date":"2013-11-26T04:10:02","date_gmt":"2013-11-26T04:10:02","guid":{"rendered":"https:\/\/transcanillo.com\/inici\/"},"modified":"2024-06-19T11:06:59","modified_gmt":"2024-06-19T11:06:59","slug":"inici","status":"publish","type":"page","link":"https:\/\/transcanillo.com\/ca\/","title":{"rendered":"Inici"},"content":{"rendered":"<div class=\"wpb-content-wrapper\">[vc_row full_width=&#8221;stretch_row_content_no_spaces&#8221; remove_bottom_col_margin=&#8221;true&#8221;][vc_column]\n\t\t\t<!-- START Homepage CAT REVOLUTION SLIDER 6.7.13 --><p class=\"rs-p-wp-fix\"><\/p>\n\t\t\t<rs-module-wrap id=\"rev_slider_7_1_wrapper\" data-source=\"gallery\" style=\"visibility:hidden;background:#ededed;padding:0;margin:0px auto;margin-top:0;margin-bottom:0;\">\n\t\t\t\t<rs-module id=\"rev_slider_7_1\" style=\"\" data-version=\"6.7.13\">\n\t\t\t\t\t<rs-slides style=\"overflow: hidden; position: absolute;\">\n\t\t\t\t\t\t<rs-slide style=\"position: absolute;\" data-key=\"rs-17\" data-title=\"Slide 1\" data-duration=\"4500\" data-anim=\"ms:600;\" data-in=\"o:0;\" data-out=\"a:false;\">\n\t\t\t\t\t\t\t<img src=\"\/\/transcanillo.com\/wp-content\/plugins\/revslider\/sr6\/assets\/assets\/dummy.png\" alt=\"\" title=\"slider\" width=\"2036\" height=\"864\" class=\"rev-slidebg tp-rs-img rs-lazyload\" data-lazyload=\"\/\/transcanillo.com\/wp-content\/uploads\/2024\/05\/slider-1.jpg\" data-bg=\"p:center bottom;\" data-no-retina>\n<!--\n\t\t\t\t\t\t\t--><rs-layer\n\t\t\t\t\t\t\t\tid=\"slider-7-slide-17-layer-2\" \n\t\t\t\t\t\t\t\tclass=\"medium_light_white\"\n\t\t\t\t\t\t\t\tdata-type=\"text\"\n\t\t\t\t\t\t\t\tdata-color=\"rgba(255, 255, 255, 1)\"\n\t\t\t\t\t\t\t\tdata-rsp_ch=\"on\"\n\t\t\t\t\t\t\t\tdata-xy=\"x:c;y:c;yo:-94px;\"\n\t\t\t\t\t\t\t\tdata-text=\"w:normal;s:35;l:58;a:center;\"\n\t\t\t\t\t\t\t\tdata-dim=\"w:646px;\"\n\t\t\t\t\t\t\t\tdata-frame_1=\"e:none;st:1500;sR:1500;\"\n\t\t\t\t\t\t\t\tdata-frame_999=\"st:w;sR:2700;auto:true;\"\n\t\t\t\t\t\t\t\tstyle=\"z-index:6;font-family:'Noto Sans';text-transform:uppercase;\"\n\t\t\t\t\t\t\t>Comprom\u00eds amb la seva c\u00e0rrega compromesos amb vost\u00e8 \n\t\t\t\t\t\t\t<\/rs-layer><!--\n\n\t\t\t\t\t\t\t--><rs-layer\n\t\t\t\t\t\t\t\tid=\"slider-7-slide-17-layer-3\" \n\t\t\t\t\t\t\t\tclass=\"medium_light_white\"\n\t\t\t\t\t\t\t\tdata-type=\"text\"\n\t\t\t\t\t\t\t\tdata-color=\"rgba(255, 255, 255, 1)\"\n\t\t\t\t\t\t\t\tdata-rsp_ch=\"on\"\n\t\t\t\t\t\t\t\tdata-xy=\"x:c;y:c;\"\n\t\t\t\t\t\t\t\tdata-text=\"w:normal;s:29;l:32;\"\n\t\t\t\t\t\t\t\tdata-frame_1=\"e:none;st:2100;sR:2100;\"\n\t\t\t\t\t\t\t\tdata-frame_999=\"st:w;sR:2100;auto:true;\"\n\t\t\t\t\t\t\t\tstyle=\"z-index:7;font-family:'Noto Sans';\"\n\t\t\t\t\t\t\t>Transports de mercaderies per carretera\n \n\t\t\t\t\t\t\t<\/rs-layer><!--\n\n\t\t\t\t\t\t\t--><rs-layer\n\t\t\t\t\t\t\t\tid=\"slider-7-slide-17-layer-4\" \n\t\t\t\t\t\t\t\tclass=\"modern_gold_button\"\n\t\t\t\t\t\t\t\tdata-type=\"text\"\n\t\t\t\t\t\t\t\tdata-color=\"rgba(255, 255, 255, 1)\"\n\t\t\t\t\t\t\t\tdata-rsp_ch=\"on\"\n\t\t\t\t\t\t\t\tdata-xy=\"x:c;y:c;yo:82px;\"\n\t\t\t\t\t\t\t\tdata-text=\"s:18;l:36;ls:0px;\"\n\t\t\t\t\t\t\t\tdata-actions='id:servicios;o:click;a:scrollto;sp:1000ms;e:power1.inOut;'\n\t\t\t\t\t\t\t\tdata-padding=\"t:1;r:20;b:3;l:20;\"\n\t\t\t\t\t\t\t\tdata-border=\"bos:solid;boc:rgba(255, 255, 255, 1);bow:1px,1px,1px,1px;\"\n\t\t\t\t\t\t\t\tdata-frame_0=\"x:-50px;\"\n\t\t\t\t\t\t\t\tdata-frame_1=\"e:none;st:2700;sR:2700;\"\n\t\t\t\t\t\t\t\tdata-frame_999=\"st:w;sR:1500;auto:true;\"\n\t\t\t\t\t\t\t\tdata-frame_hover=\"c:#000;bgc:#fff;boc:#fff;bor:0px,0px,0px,0px;bos:solid;bow:1px,1px,1px,1px;oX:50;oY:50;sp:0;e:none;\"\n\t\t\t\t\t\t\t\tstyle=\"z-index:8;font-family:'Noto Sans';text-transform:uppercase;cursor:pointer;\"\n\t\t\t\t\t\t\t>Descobreix els nostres serveis \n\t\t\t\t\t\t\t<\/rs-layer><!--\n-->\t\t\t\t\t<\/rs-slide>\n\t\t\t\t\t<\/rs-slides>\n\t\t\t\t<\/rs-module>\n\t\t\t\t<script>\n\t\t\t\t\tsetREVStartSize({c: 'rev_slider_7_1',rl:[1240,1024,778,480],el:[950],gw:[980],gh:[950],type:'standard',justify:'',layout:'fullwidth',mh:\"0\"});if (window.RS_MODULES!==undefined && window.RS_MODULES.modules!==undefined && window.RS_MODULES.modules[\"revslider71\"]!==undefined) {window.RS_MODULES.modules[\"revslider71\"].once = false;window.revapi7 = undefined;if (window.RS_MODULES.checkMinimal!==undefined) window.RS_MODULES.checkMinimal()}\n\t\t\t\t<\/script>\n\t\t\t<\/rs-module-wrap>\n\t\t\t<!-- END REVOLUTION SLIDER -->\n[\/vc_column][\/vc_row][vc_section css=&#8221;.vc_custom_1717063303213{margin-top: 20px !important;margin-bottom: 20px !important;padding-top: 60px !important;padding-bottom: 60px !important;background-image: url(https:\/\/transcanillo.com\/wp-content\/uploads\/2024\/05\/logo-transparent-2.png?id=5003) !important;background-position: center !important;background-repeat: no-repeat !important;background-size: contain !important;}&#8221; local_scroll_id=&#8221;about-home&#8221; el_id=&#8221;about-home&#8221;][vc_row remove_bottom_col_margin=&#8221;true&#8221;][vc_column][vc_column_text text_align=&#8221;center&#8221; font_size=&#8221;22px&#8221; color=&#8221;accent-alt&#8221;]Benvingut a <strong>Transcanillo<\/strong> , el seu soci fiable en solucions de transport. Ens comprometem a proporcionar serveis d&#8217;alta qualitat adaptats a les vostres necessitats. Exploreu el nostre lloc per descobrir com podem ajudar-lo a moure&#8217;s eficientment.[\/vc_column_text][\/vc_column][\/vc_row][\/vc_section][vc_section full_width=&#8221;stretch_row_content&#8221; parallax=&#8221;content-moving&#8221; parallax_image=&#8221;5037&#8243; wpex_bg_overlay=&#8221;color&#8221; css=&#8221;.vc_custom_1717065886942{padding-top: 80px !important;padding-bottom: 80px !important;background-color: #f7f7f7 !important;}&#8221; local_scroll_id=&#8221;servicios&#8221; el_id=&#8221;servicios&#8221; wpex_bg_overlay_color=&#8221;#ffffff&#8221; wpex_bg_overlay_opacity=&#8221;0.9&#8243;][vc_row remove_bottom_col_margin=&#8221;true&#8221; bg_style=&#8221;stretch&#8221; css=&#8221;.vc_custom_1716979697402{padding-bottom: 30px !important;}&#8221;][vc_column]<style>.vcex-heading.vcex_69f3d758e284c{color:var(--wpex-accent-alt);font-size:32px;font-weight:400;text-transform:uppercase;}<\/style><h2 class=\"vcex-heading vcex-heading-plain vcex-module wpex-heading wpex-text-2xl wpex-text-center vc_custom_1717062706513 vcex_69f3d758e284c\"><span class=\"vcex-heading-inner wpex-inline-block\">Serveis<\/span><\/h2>[vc_column_text text_align=&#8221;center&#8221; font_weight=&#8221;300&#8243; font_size=&#8221;18px&#8221; width=&#8221;700px&#8221; color=&#8221;accent-alt&#8221;]<strong>Descobriu els nostres serveis:<\/strong> transport local, nacional i internacional dissenyats per oferir-vos la millor efici\u00e8ncia i seguretat.[\/vc_column_text][\/vc_column][\/vc_row][vc_row max_width_custom=&#8221;1700px&#8221; max_width_align=&#8221;center&#8221;][vc_column width=&#8221;1\/3&#8243;]<style>.vcex-image-banner.vcex_69f3d758e4403{min-height:450px;}.vcex-image-banner.vcex_69f3d758e4403 .vcex-ib-content-wrap{padding-right:30px;padding-left:30px;}.vcex-image-banner.vcex_69f3d758e4403 .vcex-ib-content{max-width:400px;}.vcex-image-banner.vcex_69f3d758e4403 .vcex-ib-overlay-bg{background-color:#000000;opacity:0.6;}.vcex-image-banner.vcex_69f3d758e4403 .vcex-ib-title{padding-bottom:20px;font-size:19px;font-weight:600;}.vcex-image-banner.vcex_69f3d758e4403 .vcex-ib-caption{font-size:16px;font-weight:400;}.vcex-image-banner.vcex_69f3d758e4403 .vcex-ib-img{transition-duration:4.5s;}<\/style><div class=\"vcex-module vcex-image-banner wpex-flex wpex-flex-col wpex-w-100 wpex-justify-center wpex-relative wpex-overflow-hidden wpex-bg-gray-900 wpex-text-white wpex-hover-text-white wpex-text-center vcex-h-zoom wpex-isolate vcex_69f3d758e4403\"><span class=\"vcex-ib-img wpex-block wpex-transition-all wpex-duration-500 wpex-bg-cover wpex-absolute wpex-inset-0\" style=\"background-image:url(https:\/\/transcanillo.com\/wp-content\/uploads\/2024\/05\/img-serveis-1.jpg);\"><\/span><div class=\"vcex-ib-overlay wpex-absolute wpex-inset-0 wpex-transition-all wpex-duration-500\"><div class=\"vcex-ib-overlay-bg wpex-absolute wpex-inset-0 wpex-bg-black wpex-opacity-30\"><\/div><\/div><div class=\"vcex-ib-content-wrap wpex-w-100 wpex-transition-all wpex-duration-500 wpex-py-100 wpex-px-40 wpex-relative\"><div class=\"vcex-ib-content wpex-mx-auto\"><h2 class=\"vcex-ib-title wpex-heading wpex-inherit-color-important\">TRANSPORT DE MERCADERIA AGR\u00cdCOLA<\/h2><div class=\"vcex-ib-caption wpex-text-lg wpex-last-mb-0\">Lliuraments r\u00e0pids i segurs dins de la teva ciutat o regi\u00f3, amb rutes optimitzades i seguiment en temps real.<\/div><\/div><\/div><\/div>[\/vc_column][vc_column width=&#8221;1\/3&#8243;]<style>.vcex-image-banner.vcex_69f3d758e569c{min-height:450px;}.vcex-image-banner.vcex_69f3d758e569c .vcex-ib-content-wrap{padding-right:30px;padding-left:30px;}.vcex-image-banner.vcex_69f3d758e569c .vcex-ib-content{max-width:400px;}.vcex-image-banner.vcex_69f3d758e569c .vcex-ib-overlay-bg{background-color:#000000;opacity:0.6;}.vcex-image-banner.vcex_69f3d758e569c .vcex-ib-title{padding-bottom:20px;font-size:19px;font-weight:600;}.vcex-image-banner.vcex_69f3d758e569c .vcex-ib-caption{font-size:16px;font-weight:400;}.vcex-image-banner.vcex_69f3d758e569c .vcex-ib-img{transition-duration:4.5s;}<\/style><div class=\"vcex-module vcex-image-banner wpex-flex wpex-flex-col wpex-w-100 wpex-justify-center wpex-relative wpex-overflow-hidden wpex-bg-gray-900 wpex-text-white wpex-hover-text-white wpex-text-center vcex-h-zoom wpex-isolate vcex_69f3d758e569c\"><span class=\"vcex-ib-img wpex-block wpex-transition-all wpex-duration-500 wpex-bg-cover wpex-absolute wpex-inset-0\" style=\"background-image:url(https:\/\/transcanillo.com\/wp-content\/uploads\/2024\/05\/img-serveis-2.jpg);\"><\/span><div class=\"vcex-ib-overlay wpex-absolute wpex-inset-0 wpex-transition-all wpex-duration-500\"><div class=\"vcex-ib-overlay-bg wpex-absolute wpex-inset-0 wpex-bg-black wpex-opacity-30\"><\/div><\/div><div class=\"vcex-ib-content-wrap wpex-w-100 wpex-transition-all wpex-duration-500 wpex-py-100 wpex-px-40 wpex-relative\"><div class=\"vcex-ib-content wpex-mx-auto\"><h2 class=\"vcex-ib-title wpex-heading wpex-inherit-color-important\">TRANSPORT LOCAL<\/h2><div class=\"vcex-ib-caption wpex-text-lg wpex-last-mb-0\">Cobertura nacional amb opcions de c\u00e0rrega completa i parcial, garantint l'arribada puntual i segura dels enviaments.<\/div><\/div><\/div><\/div>[\/vc_column][vc_column width=&#8221;1\/3&#8243;]<style>.vcex-image-banner.vcex_69f3d758e6603{min-height:450px;}.vcex-image-banner.vcex_69f3d758e6603 .vcex-ib-content-wrap{padding-right:30px;padding-left:30px;}.vcex-image-banner.vcex_69f3d758e6603 .vcex-ib-content{max-width:400px;}.vcex-image-banner.vcex_69f3d758e6603 .vcex-ib-overlay-bg{background-color:#000000;opacity:0.6;}.vcex-image-banner.vcex_69f3d758e6603 .vcex-ib-title{padding-bottom:20px;font-size:19px;font-weight:600;}.vcex-image-banner.vcex_69f3d758e6603 .vcex-ib-caption{font-size:16px;font-weight:400;}.vcex-image-banner.vcex_69f3d758e6603 .vcex-ib-img{transition-duration:4.5s;}<\/style><div class=\"vcex-module vcex-image-banner wpex-flex wpex-flex-col wpex-w-100 wpex-justify-center wpex-relative wpex-overflow-hidden wpex-bg-gray-900 wpex-text-white wpex-hover-text-white wpex-text-center vcex-h-zoom wpex-isolate vcex_69f3d758e6603\"><span class=\"vcex-ib-img wpex-block wpex-transition-all wpex-duration-500 wpex-bg-cover wpex-absolute wpex-inset-0\" style=\"background-image:url(https:\/\/transcanillo.com\/wp-content\/uploads\/2024\/05\/img-serveis-3.jpg);\"><\/span><div class=\"vcex-ib-overlay wpex-absolute wpex-inset-0 wpex-transition-all wpex-duration-500\"><div class=\"vcex-ib-overlay-bg wpex-absolute wpex-inset-0 wpex-bg-black wpex-opacity-30\"><\/div><\/div><div class=\"vcex-ib-content-wrap wpex-w-100 wpex-transition-all wpex-duration-500 wpex-py-100 wpex-px-40 wpex-relative\"><div class=\"vcex-ib-content wpex-mx-auto\"><h2 class=\"vcex-ib-title wpex-heading wpex-inherit-color-important\">TRANSPORT INTERNACIONAL<\/h2><div class=\"vcex-ib-caption wpex-text-lg wpex-last-mb-0\">Connexions peri\u00f2diques amb el Sud de Fran\u00e7a. Transports a Toulouse, Nimes, Bourdeos, Montpeller, etc\u2026<\/div><\/div><\/div><\/div>[\/vc_column][\/vc_row][vc_row][vc_column]<div class=\"theme-button-wrap textcenter wpex-clr\"><a href=\"\/ca\/serveis\/\" class=\"vcex-button theme-button minimal-border align-center inline\" style=\"color:var(--wpex-accent);border:1px solid #d90a15;font-size:16px;font-weight:400;text-transform:uppercase;\" data-wpex-hover='{&quot;background&quot;:&quot;var(--wpex-accent)&quot;,&quot;color&quot;:&quot;#ffffff&quot;}' title=\"Serveis\"><span class=\"vcex-button-inner theme-button-inner\">M\u00e9s informaci\u00f3<span class=\"vcex-button-icon vcex-icon-wrap theme-button-icon-right\"><span class=\"ticon ticon-angle-right\" aria-hidden=\"true\"><\/span><\/span><\/span><\/a><\/div> [\/vc_column][\/vc_row][\/vc_section][vc_section full_width=&#8221;stretch_row_content&#8221; css=&#8221;.vc_custom_1717061820739{padding-top: 80px !important;padding-bottom: 80px !important;}&#8221; local_scroll_id=&#8221;servicios&#8221;][vc_row remove_bottom_col_margin=&#8221;true&#8221; bg_style=&#8221;stretch&#8221; css=&#8221;.vc_custom_1717062141882{padding-bottom: 40px !important;}&#8221;][vc_column]<style>.vcex-heading.vcex_69f3d758e81ef{color:var(--wpex-accent-alt);font-size:32px;font-weight:400;text-transform:uppercase;}<\/style><h2 class=\"vcex-heading vcex-heading-plain vcex-module wpex-heading wpex-text-2xl wpex-text-center vc_custom_1717062715447 vcex_69f3d758e81ef\"><span class=\"vcex-heading-inner wpex-inline-block\">Flota<\/span><\/h2>[vc_column_text text_align=&#8221;center&#8221; font_weight=&#8221;300&#8243; font_size=&#8221;18px&#8221; width=&#8221;750px&#8221; color=&#8221;accent-alt&#8221;]A <strong>Transcanillo<\/strong> , comptem amb una moderna i vers\u00e0til flota de camions equipats per manejar des de c\u00e0rregues lleugeres fins a les m\u00e9s pesades amb la m\u00e0xima seguretat i efici\u00e8ncia.[\/vc_column_text]<div class=\"vcex-spacing wpex-w-100 wpex-clear\"><\/div><div class=\"theme-button-wrap textcenter wpex-clr\"><a href=\"\/ca\/flota\/\" class=\"vcex-button theme-button minimal-border align-center inline\" style=\"color:var(--wpex-accent);border:1px solid #d90a15;font-size:16px;font-weight:400;text-transform:uppercase;\" data-wpex-hover='{&quot;background&quot;:&quot;var(--wpex-accent)&quot;,&quot;color&quot;:&quot;#ffffff&quot;}' title=\"Flota\"><span class=\"vcex-button-inner theme-button-inner\">Descobreixi la nostra flota de camions i tipus de c\u00e0rrega<span class=\"vcex-button-icon vcex-icon-wrap theme-button-icon-right\"><span class=\"ticon ticon-angle-right\" aria-hidden=\"true\"><\/span><\/span><\/span><\/a><\/div> [\/vc_column][\/vc_row][vc_row full_width=&#8221;stretch_row_content_no_spaces&#8221;][vc_column]<figure class=\"vcex-image vcex-module textcenter\"><div class=\"vcex-image-inner wpex-relative wpex-inline-block\"><img width=\"1920\" height=\"800\" src=\"https:\/\/transcanillo.com\/wp-content\/uploads\/2024\/05\/img-flota-home-1.jpg\" class=\"vcex-image-img wpex-align-middle\" alt=\"Flota de camiones para transporte de mercanc\u00edas por carretera\" loading=\"lazy\" decoding=\"async\" srcset=\"https:\/\/transcanillo.com\/wp-content\/uploads\/2024\/05\/img-flota-home-1.jpg 1920w, https:\/\/transcanillo.com\/wp-content\/uploads\/2024\/05\/img-flota-home-1-300x125.jpg 300w, https:\/\/transcanillo.com\/wp-content\/uploads\/2024\/05\/img-flota-home-1-1024x427.jpg 1024w, https:\/\/transcanillo.com\/wp-content\/uploads\/2024\/05\/img-flota-home-1-768x320.jpg 768w, https:\/\/transcanillo.com\/wp-content\/uploads\/2024\/05\/img-flota-home-1-1536x640.jpg 1536w\" sizes=\"(max-width: 1920px) 100vw, 1920px\" \/><\/div><\/figure>[\/vc_column][\/vc_row][\/vc_section][vc_row remove_bottom_col_margin=&#8221;true&#8221;][vc_column]<div class=\"templatera_shortcode\"><style type=\"text\/css\" data-type=\"vc_shortcodes-custom-css\">.vc_custom_1717064830517{padding-top: 40px !important;padding-bottom: 40px !important;background-color: #7f7f7f !important;}.vc_custom_1718788748507{padding-bottom: 15px !important;}<\/style><div data-vc-full-width=\"true\" data-vc-full-width-init=\"false\" class=\"vc_row wpb_row vc_row-fluid vc_custom_1717064830517 vc_row-o-content-middle vc_row-flex wpex-vc_row-has-fill wpex-vc-row-stretched no-bottom-margins wpex-parallax-bg-wrap wpex-relative\"><div class=\"wpb_column vc_column_container vc_col-sm-9\"><div class=\"vc_column-inner\"><div class=\"wpb_wrapper\"><style>.vcex-heading.vcex_69f3d758ed79f{color:#ffffff;font-size:26px;font-weight:300;text-transform:uppercase;}<\/style><h2 class=\"vcex-heading vcex-heading-plain vcex-module wpex-heading wpex-text-2xl wpex-text-center vc_custom_1718788748507 vcex_69f3d758ed79f\"><span class=\"vcex-heading-inner wpex-inline-block\">\u00bfNecessites un pressupost personalitzat?<\/span><\/h2><\/div><\/div><\/div><div class=\"wpb_column vc_column_container vc_col-sm-3\"><div class=\"vc_column-inner\"><div class=\"wpb_wrapper\"><div class=\"theme-button-wrap textcenter wpex-clr\"><a href=\"\/ca\/contacto\/\" class=\"vcex-button theme-button minimal-border align-center inline\" style=\"color:#ffffff;font-size:16px;font-weight:400;\" data-wpex-hover='{&quot;background&quot;:&quot;#ffffff&quot;,&quot;color&quot;:&quot;#7f7f7f&quot;}' title=\"Purchase Total\"><span class=\"vcex-button-inner theme-button-inner\">Contactar<span class=\"vcex-button-icon vcex-icon-wrap theme-button-icon-right\"><span class=\"ticon ticon-angle-right\" aria-hidden=\"true\"><\/span><\/span><\/span><\/a><\/div> <\/div><\/div><\/div><\/div><div class=\"vc_row-full-width vc_clearfix\"><\/div><\/div>[\/vc_column][\/vc_row]\n<\/div>","protected":false},"excerpt":{"rendered":"Comprom\u00eds amb la seva c\u00e0rrega compromesos amb vost\u00e8 Transports de mercaderies per carretera Descobreix els nostres serveis Benvingut a Transcanillo , el seu soci fiable en solucions de transport. Ens comprometem a proporcionar serveis d'alta qualitat adaptats a les vostres necessitats. Exploreu el nostre lloc per descobrir com podem ajudar-lo a moure's eficientment. Serveis Descobriu&hellip;","protected":false},"author":1,"featured_media":5171,"parent":0,"menu_order":0,"comment_status":"closed","ping_status":"closed","template":"","meta":{"footnotes":""},"yoast_head":"<!-- This site is optimized with the Yoast SEO plugin v22.9 - https:\/\/yoast.com\/wordpress\/plugins\/seo\/ -->\n<title>Inici - Transcanillo<\/title>\n<meta name=\"robots\" content=\"index, follow, max-snippet:-1, max-image-preview:large, max-video-preview:-1\" \/>\n<link rel=\"canonical\" href=\"https:\/\/transcanillo.com\/ca\/\" \/>\n<meta property=\"og:locale\" content=\"ca_ES\" \/>\n<meta property=\"og:type\" content=\"article\" \/>\n<meta property=\"og:title\" content=\"Inici - Transcanillo\" \/>\n<meta property=\"og:url\" content=\"https:\/\/transcanillo.com\/ca\/\" \/>\n<meta property=\"og:site_name\" content=\"Transcanillo\" \/>\n<meta property=\"article:modified_time\" content=\"2024-06-19T11:06:59+00:00\" \/>\n<meta name=\"twitter:card\" content=\"summary_large_image\" \/>\n<meta name=\"twitter:label1\" content=\"Temps estimat de lectura\" \/>\n\t<meta name=\"twitter:data1\" content=\"3 minuts\" \/>\n<script type=\"application\/ld+json\" class=\"yoast-schema-graph\">{\"@context\":\"https:\/\/schema.org\",\"@graph\":[{\"@type\":\"WebPage\",\"@id\":\"https:\/\/transcanillo.com\/ca\/\",\"url\":\"https:\/\/transcanillo.com\/ca\/\",\"name\":\"Inici - Transcanillo\",\"isPartOf\":{\"@id\":\"https:\/\/transcanillo.com\/#website\"},\"primaryImageOfPage\":{\"@id\":\"https:\/\/transcanillo.com\/ca\/#primaryimage\"},\"image\":{\"@id\":\"https:\/\/transcanillo.com\/ca\/#primaryimage\"},\"thumbnailUrl\":\"https:\/\/transcanillo.com\/wp-content\/uploads\/2024\/05\/cropped-favicon.png\",\"datePublished\":\"2013-11-26T04:10:02+00:00\",\"dateModified\":\"2024-06-19T11:06:59+00:00\",\"breadcrumb\":{\"@id\":\"https:\/\/transcanillo.com\/ca\/#breadcrumb\"},\"inLanguage\":\"ca\",\"potentialAction\":[{\"@type\":\"ReadAction\",\"target\":[\"https:\/\/transcanillo.com\/ca\/\"]}]},{\"@type\":\"ImageObject\",\"inLanguage\":\"ca\",\"@id\":\"https:\/\/transcanillo.com\/ca\/#primaryimage\",\"url\":\"https:\/\/transcanillo.com\/wp-content\/uploads\/2024\/05\/cropped-favicon.png\",\"contentUrl\":\"https:\/\/transcanillo.com\/wp-content\/uploads\/2024\/05\/cropped-favicon.png\",\"width\":512,\"height\":512,\"caption\":\"Transportes de mercanc\u00edas por carretera\"},{\"@type\":\"BreadcrumbList\",\"@id\":\"https:\/\/transcanillo.com\/ca\/#breadcrumb\",\"itemListElement\":[{\"@type\":\"ListItem\",\"position\":1,\"name\":\"Home\",\"item\":\"https:\/\/transcanillo.com\/ca\/\"},{\"@type\":\"ListItem\",\"position\":2,\"name\":\"Inici\"}]},{\"@type\":\"WebSite\",\"@id\":\"https:\/\/transcanillo.com\/#website\",\"url\":\"https:\/\/transcanillo.com\/\",\"name\":\"Transcanillo\",\"description\":\"Transportes de mecanc\u00edas por carretera\",\"publisher\":{\"@id\":\"https:\/\/transcanillo.com\/#organization\"},\"potentialAction\":[{\"@type\":\"SearchAction\",\"target\":{\"@type\":\"EntryPoint\",\"urlTemplate\":\"https:\/\/transcanillo.com\/?s={search_term_string}\"},\"query-input\":\"required name=search_term_string\"}],\"inLanguage\":\"ca\"},{\"@type\":\"Organization\",\"@id\":\"https:\/\/transcanillo.com\/#organization\",\"name\":\"Transcanillo\",\"url\":\"https:\/\/transcanillo.com\/\",\"logo\":{\"@type\":\"ImageObject\",\"inLanguage\":\"ca\",\"@id\":\"https:\/\/transcanillo.com\/#\/schema\/logo\/image\/\",\"url\":\"https:\/\/transcanillo.com\/wp-content\/uploads\/2024\/05\/logo-1.png\",\"contentUrl\":\"https:\/\/transcanillo.com\/wp-content\/uploads\/2024\/05\/logo-1.png\",\"width\":600,\"height\":600,\"caption\":\"Transcanillo\"},\"image\":{\"@id\":\"https:\/\/transcanillo.com\/#\/schema\/logo\/image\/\"}}]}<\/script>\n<!-- \/ Yoast SEO plugin. -->","yoast_head_json":{"title":"Inici - Transcanillo","robots":{"index":"index","follow":"follow","max-snippet":"max-snippet:-1","max-image-preview":"max-image-preview:large","max-video-preview":"max-video-preview:-1"},"canonical":"https:\/\/transcanillo.com\/ca\/","og_locale":"ca_ES","og_type":"article","og_title":"Inici - Transcanillo","og_url":"https:\/\/transcanillo.com\/ca\/","og_site_name":"Transcanillo","article_modified_time":"2024-06-19T11:06:59+00:00","twitter_card":"summary_large_image","twitter_misc":{"Temps estimat de lectura":"3 minuts"},"schema":{"@context":"https:\/\/schema.org","@graph":[{"@type":"WebPage","@id":"https:\/\/transcanillo.com\/ca\/","url":"https:\/\/transcanillo.com\/ca\/","name":"Inici - Transcanillo","isPartOf":{"@id":"https:\/\/transcanillo.com\/#website"},"primaryImageOfPage":{"@id":"https:\/\/transcanillo.com\/ca\/#primaryimage"},"image":{"@id":"https:\/\/transcanillo.com\/ca\/#primaryimage"},"thumbnailUrl":"https:\/\/transcanillo.com\/wp-content\/uploads\/2024\/05\/cropped-favicon.png","datePublished":"2013-11-26T04:10:02+00:00","dateModified":"2024-06-19T11:06:59+00:00","breadcrumb":{"@id":"https:\/\/transcanillo.com\/ca\/#breadcrumb"},"inLanguage":"ca","potentialAction":[{"@type":"ReadAction","target":["https:\/\/transcanillo.com\/ca\/"]}]},{"@type":"ImageObject","inLanguage":"ca","@id":"https:\/\/transcanillo.com\/ca\/#primaryimage","url":"https:\/\/transcanillo.com\/wp-content\/uploads\/2024\/05\/cropped-favicon.png","contentUrl":"https:\/\/transcanillo.com\/wp-content\/uploads\/2024\/05\/cropped-favicon.png","width":512,"height":512,"caption":"Transportes de mercanc\u00edas por carretera"},{"@type":"BreadcrumbList","@id":"https:\/\/transcanillo.com\/ca\/#breadcrumb","itemListElement":[{"@type":"ListItem","position":1,"name":"Home","item":"https:\/\/transcanillo.com\/ca\/"},{"@type":"ListItem","position":2,"name":"Inici"}]},{"@type":"WebSite","@id":"https:\/\/transcanillo.com\/#website","url":"https:\/\/transcanillo.com\/","name":"Transcanillo","description":"Transportes de mecanc\u00edas por carretera","publisher":{"@id":"https:\/\/transcanillo.com\/#organization"},"potentialAction":[{"@type":"SearchAction","target":{"@type":"EntryPoint","urlTemplate":"https:\/\/transcanillo.com\/?s={search_term_string}"},"query-input":"required name=search_term_string"}],"inLanguage":"ca"},{"@type":"Organization","@id":"https:\/\/transcanillo.com\/#organization","name":"Transcanillo","url":"https:\/\/transcanillo.com\/","logo":{"@type":"ImageObject","inLanguage":"ca","@id":"https:\/\/transcanillo.com\/#\/schema\/logo\/image\/","url":"https:\/\/transcanillo.com\/wp-content\/uploads\/2024\/05\/logo-1.png","contentUrl":"https:\/\/transcanillo.com\/wp-content\/uploads\/2024\/05\/logo-1.png","width":600,"height":600,"caption":"Transcanillo"},"image":{"@id":"https:\/\/transcanillo.com\/#\/schema\/logo\/image\/"}}]}},"_links":{"self":[{"href":"https:\/\/transcanillo.com\/ca\/wp-json\/wp\/v2\/pages\/5235"}],"collection":[{"href":"https:\/\/transcanillo.com\/ca\/wp-json\/wp\/v2\/pages"}],"about":[{"href":"https:\/\/transcanillo.com\/ca\/wp-json\/wp\/v2\/types\/page"}],"author":[{"embeddable":true,"href":"https:\/\/transcanillo.com\/ca\/wp-json\/wp\/v2\/users\/1"}],"replies":[{"embeddable":true,"href":"https:\/\/transcanillo.com\/ca\/wp-json\/wp\/v2\/comments?post=5235"}],"version-history":[{"count":6,"href":"https:\/\/transcanillo.com\/ca\/wp-json\/wp\/v2\/pages\/5235\/revisions"}],"predecessor-version":[{"id":5243,"href":"https:\/\/transcanillo.com\/ca\/wp-json\/wp\/v2\/pages\/5235\/revisions\/5243"}],"wp:featuredmedia":[{"embeddable":true,"href":"https:\/\/transcanillo.com\/ca\/wp-json\/wp\/v2\/media\/5171"}],"wp:attachment":[{"href":"https:\/\/transcanillo.com\/ca\/wp-json\/wp\/v2\/media?parent=5235"}],"curies":[{"name":"wp","href":"https:\/\/api.w.org\/{rel}","templated":true}]}}